{"id":97,"date":"2023-09-14T13:20:41","date_gmt":"2023-09-14T13:20:41","guid":{"rendered":"https:\/\/www.nadacehanyzagorove.cz\/?page_id=97"},"modified":"2023-09-14T13:20:42","modified_gmt":"2023-09-14T13:20:42","slug":"o-hane-zagorove","status":"publish","type":"page","link":"https:\/\/www.nadacehanyzagorove.cz\/?page_id=97","title":{"rendered":"O Han\u011b Zagorov\u00e9"},"content":{"rendered":"\n<p>Hana Zagorov\u00e1 \u2013 jedna z&nbsp;nejv\u011bt\u0161\u00edch hv\u011bzd \u010desk\u00e9 popul\u00e1rn\u00ed hudby, dr\u017eitelka diamantov\u00e9 desky za prodej 10,5 mili\u00f3nu hudebn\u00edch nosi\u010d\u016f u firmy Supraphon. Na sv\u00e9m kont\u011b m\u00e1 v\u00edce ne\u017e 900 p\u00edsn\u00ed, kter\u00e9 j\u00ed p\u0159inesli nejen neutuchaj\u00edc\u00ed oblibu fanou\u0161k\u016f, ale i \u0159adu presti\u017en\u00edch ocen\u011bn\u00ed od Zlat\u00e9ho Slav\u00edka, kter\u00e9ho z\u00edskala hned dev\u011btkr\u00e1t v&nbsp;\u0159ad\u011b, p\u0159es nespo\u010det zlat\u00fdch a platinov\u00fdch desek a\u017e po S\u00ed\u0148 sl\u00e1vy cen And\u011bl.<\/p>\n\n\n\n<p>Svou hv\u011bzdnou kari\u00e9ru odstartovala v 60. letech, kdy vystudovala herectv\u00ed na brn\u011bnsk\u00e9 JAMU, vydala sv\u016fj prvn\u00ed singl a za\u010dala se objevovat v televizn\u00edch po\u0159adech. Ihned na za\u010d\u00e1tku dal\u0161\u00edho desetilet\u00ed vydala sv\u00e9 prvn\u00ed LP Bludi\u010dka. Od roku 1972 za\u010dala z\u00e1sadn\u00ed spolupr\u00e1ce s&nbsp;Karlem V\u00e1gnerem, kter\u00fd j\u00ed postavil kapelu. Tato spolupr\u00e1ce p\u0159inesla nespo\u010det hit\u016f, spolupr\u00e1ci s&nbsp;kolegy jako byli Petr Rezek, Stanislav Hlo\u017eek, Petr Kotvald nebo Drupi a i 350 koncert\u016f za rok.<\/p>\n\n\n\n<p>Jej\u00ed \u017eivot m\u00e1 mnoho perli\u010dek, nap\u0159\u00edklad jej\u00ed \u00fa\u010dinkov\u00e1n\u00ed na hudebn\u00edm festivalu v&nbsp;Sopotech museli po\u0159adatel\u00e9, po vystoupen\u00ed Hany Zagorov\u00e9 s&nbsp;orchestrem Karla V\u00e1gnera p\u0159eru\u0161it vys\u00edl\u00e1n\u00ed Eurovize, aby uklidnili nad\u0161en\u00e9 publikum, kter\u00e9 se neust\u00e1le do\u017eadovalo p\u0159\u00eddavk\u016f, a program mohl pokra\u010dovat d\u00e1le. Na kont\u011b m\u00e1 nespo\u010det hit\u016f autor\u016f jako Pavel \u017d\u00e1k, Ji\u0159\u00ed Zmo\u017eek, Karel Svoboda a mnoha dal\u0161\u00edch, k&nbsp;\u0159ad\u011b z&nbsp;nich si sama napsal text. V&nbsp;posledn\u00edch ledech p\u0159i vyd\u00e1v\u00e1n\u00ed alb spolupracuje i s&nbsp;mlad\u00fdmi autory jako jsou Rad\u016fza, M\u00e1dri, Jura Hradil nebo Marek Ztracen\u00fd.<\/p>\n\n\n\n<p>Hana Zagorov\u00e1 si zahr\u00e1la v&nbsp;dnes ji\u017e kultovn\u00edm filmu Trh\u00e1k, televizn\u00edch inscenac\u00edch jako Josef\u00edna, Madam a sedm loupe\u017en\u00edk\u016f nebo Mil\u00e1\u010dek, \u00fa\u010dinkovala v&nbsp;nespo\u010dtu hudebn\u011b z\u00e1bavn\u00fdch po\u0159ad\u016f a m\u011bla i vlastn\u00ed po\u0159ady jako P\u00edsni\u010dky pro Hanku, Zav\u00e1t\u00e9 stud\u00e1nky, cyklus Dluhy Hany Zagorov\u00e9 nebo V\u00fdtah v&nbsp;hotelu sen, na kter\u00fdch se pod\u00edlela i sc\u00e9n\u00e1risticky. V&nbsp;90. letech p\u0159ipravila pro televizi 39 d\u00edl\u016f po\u0159adu Kdy\u017e nem\u016f\u017eu sp\u00e1t, kter\u00e9 sama moderovala a pozd\u011bji i po\u0159ad Hogo Fogo. Zav\u00edtala i do muzik\u00e1l\u016f. &nbsp;V&nbsp;70. letech se objevila v&nbsp;semaforsk\u00e9 Kytici a pozd\u011bji v&nbsp;Mon\u011b Lise a na prknech divadla Kalich v&nbsp;Jacku Rozparova\u010di. Od roku 2022 je jedn\u00edm z&nbsp;nej\u00fasp\u011b\u0161n\u011bj\u0161\u00edch p\u0159edstaven\u00ed divadla Kalich muzik\u00e1l Biograf l\u00e1ska sestaven\u00fd pr\u00e1v\u011b z&nbsp;p\u00edsn\u00ed Hany Zagorov\u00e9.<\/p>\n\n\n\n<figure class=\"wp-block-gallery has-nested-images columns-default is-cropped wp-block-gallery-1 is-layout-flex wp-block-gallery-is-layout-flex\">\n<figure class=\"wp-block-image size-large\"><img loading=\"lazy\" decoding=\"async\" width=\"1024\" height=\"682\" data-id=\"100\" src=\"https:\/\/www.nadacehanyzagorove.cz\/wp-content\/uploads\/2023\/09\/HanaZagorova-2014-1024x682.jpg\" alt=\"\" class=\"wp-image-100\" srcset=\"https:\/\/www.nadacehanyzagorove.cz\/wp-content\/uploads\/2023\/09\/HanaZagorova-2014-1024x682.jpg 1024w, https:\/\/www.nadacehanyzagorove.cz\/wp-content\/uploads\/2023\/09\/HanaZagorova-2014-300x200.jpg 300w, https:\/\/www.nadacehanyzagorove.cz\/wp-content\/uploads\/2023\/09\/HanaZagorova-2014-768x511.jpg 768w, https:\/\/www.nadacehanyzagorove.cz\/wp-content\/uploads\/2023\/09\/HanaZagorova-2014-1536x1022.jpg 1536w, https:\/\/www.nadacehanyzagorove.cz\/wp-content\/uploads\/2023\/09\/HanaZagorova-2014-360x240.jpg 360w, https:\/\/www.nadacehanyzagorove.cz\/wp-content\/uploads\/2023\/09\/HanaZagorova-2014.jpg 1920w\" sizes=\"auto, (max-width: 1024px) 100vw, 1024px\" \/><\/figure>\n\n\n\n<figure class=\"wp-block-image size-large\"><img loading=\"lazy\" decoding=\"async\" width=\"683\" height=\"1024\" data-id=\"99\" src=\"https:\/\/www.nadacehanyzagorove.cz\/wp-content\/uploads\/2023\/09\/HanaZagorova-2016-683x1024.jpg\" alt=\"\" class=\"wp-image-99\" srcset=\"https:\/\/www.nadacehanyzagorove.cz\/wp-content\/uploads\/2023\/09\/HanaZagorova-2016-683x1024.jpg 683w, https:\/\/www.nadacehanyzagorove.cz\/wp-content\/uploads\/2023\/09\/HanaZagorova-2016-200x300.jpg 200w, https:\/\/www.nadacehanyzagorove.cz\/wp-content\/uploads\/2023\/09\/HanaZagorova-2016-768x1152.jpg 768w, https:\/\/www.nadacehanyzagorove.cz\/wp-content\/uploads\/2023\/09\/HanaZagorova-2016-1024x1536.jpg 1024w, https:\/\/www.nadacehanyzagorove.cz\/wp-content\/uploads\/2023\/09\/HanaZagorova-2016.jpg 1280w\" sizes=\"auto, (max-width: 683px) 100vw, 683px\" \/><\/figure>\n\n\n\n<figure class=\"wp-block-image size-large\"><img loading=\"lazy\" decoding=\"async\" width=\"755\" height=\"1024\" data-id=\"98\" src=\"https:\/\/www.nadacehanyzagorove.cz\/wp-content\/uploads\/2023\/09\/HanaZagorova-2018-755x1024.jpg\" alt=\"\" class=\"wp-image-98\" srcset=\"https:\/\/www.nadacehanyzagorove.cz\/wp-content\/uploads\/2023\/09\/HanaZagorova-2018-755x1024.jpg 755w, https:\/\/www.nadacehanyzagorove.cz\/wp-content\/uploads\/2023\/09\/HanaZagorova-2018-221x300.jpg 221w, https:\/\/www.nadacehanyzagorove.cz\/wp-content\/uploads\/2023\/09\/HanaZagorova-2018-768x1042.jpg 768w, https:\/\/www.nadacehanyzagorove.cz\/wp-content\/uploads\/2023\/09\/HanaZagorova-2018-1132x1536.jpg 1132w, https:\/\/www.nadacehanyzagorove.cz\/wp-content\/uploads\/2023\/09\/HanaZagorova-2018-1509x2048.jpg 1509w, https:\/\/www.nadacehanyzagorove.cz\/wp-content\/uploads\/2023\/09\/HanaZagorova-2018-scaled.jpg 1887w\" sizes=\"auto, (max-width: 755px) 100vw, 755px\" \/><\/figure>\n<\/figure>\n","protected":false},"excerpt":{"rendered":"<p>Hana Zagorov\u00e1 \u2013 jedna z&nbsp;nejv\u011bt\u0161\u00edch hv\u011bzd \u010desk\u00e9 popul\u00e1rn\u00ed hudby, dr\u017eitelka diamantov\u00e9 desky za prodej 10,5 mili\u00f3nu hudebn\u00edch nosi\u010d\u016f u firmy Supraphon. Na sv\u00e9m kont\u011b m\u00e1 v\u00edce ne\u017e 900 p\u00edsn\u00ed, kter\u00e9 j\u00ed p\u0159inesli nejen neutuchaj\u00edc\u00ed oblibu fanou\u0161k\u016f, ale i \u0159adu presti\u017en\u00edch ocen\u011bn\u00ed od Zlat\u00e9ho Slav\u00edka, kter\u00e9ho z\u00edskala hned dev\u011btkr\u00e1t v&nbsp;\u0159ad\u011b, p\u0159es [&hellip;]<\/p>\n","protected":false},"author":1,"featured_media":0,"parent":0,"menu_order":0,"comment_status":"closed","ping_status":"closed","template":"","meta":{"footnotes":""},"class_list":["post-97","page","type-page","status-publish","hentry"],"_links":{"self":[{"href":"https:\/\/www.nadacehanyzagorove.cz\/index.php?rest_route=\/wp\/v2\/pages\/97","targetHints":{"allow":["GET"]}}],"collection":[{"href":"https:\/\/www.nadacehanyzagorove.cz\/index.php?rest_route=\/wp\/v2\/pages"}],"about":[{"href":"https:\/\/www.nadacehanyzagorove.cz\/index.php?rest_route=\/wp\/v2\/types\/page"}],"author":[{"embeddable":true,"href":"https:\/\/www.nadacehanyzagorove.cz\/index.php?rest_route=\/wp\/v2\/users\/1"}],"replies":[{"embeddable":true,"href":"https:\/\/www.nadacehanyzagorove.cz\/index.php?rest_route=%2Fwp%2Fv2%2Fcomments&post=97"}],"version-history":[{"count":1,"href":"https:\/\/www.nadacehanyzagorove.cz\/index.php?rest_route=\/wp\/v2\/pages\/97\/revisions"}],"predecessor-version":[{"id":101,"href":"https:\/\/www.nadacehanyzagorove.cz\/index.php?rest_route=\/wp\/v2\/pages\/97\/revisions\/101"}],"wp:attachment":[{"href":"https:\/\/www.nadacehanyzagorove.cz\/index.php?rest_route=%2Fwp%2Fv2%2Fmedia&parent=97"}],"curies":[{"name":"wp","href":"https:\/\/api.w.org\/{rel}","templated":true}]}}